{"id":2956,"date":"2023-10-21T17:48:49","date_gmt":"2023-10-21T15:48:49","guid":{"rendered":"https:\/\/orionzt.pl\/flexodruck\/"},"modified":"2024-06-05T19:34:26","modified_gmt":"2024-06-05T17:34:26","slug":"flexodruck","status":"publish","type":"page","link":"https:\/\/orionzt.pl\/de\/flexodruck\/","title":{"rendered":"Flexodruck"},"content":{"rendered":"<div class=\"wpb-content-wrapper\">[vc_row row_height_percent=&#8220;0&#8243; override_padding=&#8220;yes&#8220; h_padding=&#8220;2&#8243; top_padding=&#8220;3&#8243; bottom_padding=&#8220;2&#8243; overlay_alpha=&#8220;50&#8243; equal_height=&#8220;yes&#8220; gutter_size=&#8220;3&#8243; column_width_percent=&#8220;100&#8243; shift_y=&#8220;0&#8243; z_index=&#8220;0&#8243; uncode_shortcode_id=&#8220;606668&#8243;][vc_column column_width_percent=&#8220;100&#8243; gutter_size=&#8220;3&#8243; overlay_alpha=&#8220;50&#8243; shift_x=&#8220;0&#8243; shift_y=&#8220;0&#8243; shift_y_down=&#8220;0&#8243; z_index=&#8220;0&#8243; medium_width=&#8220;0&#8243; mobile_width=&#8220;0&#8243; width=&#8220;2\/3&#8243; uncode_shortcode_id=&#8220;807687&#8243;][vc_custom_heading heading_semantic=&#8220;h1&#8243; text_size=&#8220;h1&#8243; uncode_shortcode_id=&#8220;936958&#8243;]<span style=\"color: #ffa40d;\">Flexodruck<\/span>[\/vc_custom_heading][vc_column_text uncode_shortcode_id=&#8220;602885&#8243;]Der Flexodruck ist ein Verfahren, das die Druckindustrie revolutioniert und Qualit\u00e4t mit Flexibilit\u00e4t verbindet, um auch Ihre anspruchsvollsten Projekte zu erf\u00fcllen. Wir bei Orion sind stolz darauf, die Druckstandards zu erh\u00f6hen, indem wir ma\u00dfgeschneiderte L\u00f6sungen f\u00fcr unsere Kunden anbieten. Unabh\u00e4ngig von der Komplexit\u00e4t des Auftrags garantiert unsere fortschrittliche Flexo-Technologie gestochen scharfe Farben und eine au\u00dfergew\u00f6hnliche Haltbarkeit des Drucks, damit sich Ihre Marke von der Konkurrenz abhebt. Schlie\u00dfen Sie sich den zufriedenen Partnern von Orion an und lassen Sie Ihre Projekte die Qualit\u00e4t erhalten, die sie verdienen.[\/vc_column_text][vc_button size=&#8220;btn-lg&#8220; outline=&#8220;yes&#8220; border_width=&#8220;0&#8243; link=&#8220;url:https%3A%2F%2Forionzt.pl%2Fde%2Fkontakt%2F|title:Kontakt|&#8220; uncode_shortcode_id=&#8220;112309&#8243;]Fragen Sie nach Details[\/vc_button][\/vc_column][vc_column column_width_percent=&#8220;100&#8243; gutter_size=&#8220;3&#8243; overlay_alpha=&#8220;50&#8243; shift_x=&#8220;0&#8243; shift_y=&#8220;0&#8243; shift_y_down=&#8220;0&#8243; z_index=&#8220;0&#8243; medium_width=&#8220;0&#8243; mobile_width=&#8220;0&#8243; width=&#8220;1\/3&#8243; uncode_shortcode_id=&#8220;189541&#8243;][vc_gallery el_id=&#8220;gallery-199062&#8243; type=&#8220;carousel&#8220; medias=&#8220;2100&#8243; carousel_lg=&#8220;1&#8243; carousel_md=&#8220;1&#8243; carousel_sm=&#8220;1&#8243; thumb_size=&#8220;one-one&#8220; gutter_size=&#8220;3&#8243; media_items=&#8220;media|lightbox|original,icon|lg&#8220; carousel_interval=&#8220;3000&#8243; carousel_navspeed=&#8220;400&#8243; carousel_loop=&#8220;yes&#8220; carousel_dots=&#8220;yes&#8220; stage_padding=&#8220;0&#8243; single_overlay_opacity=&#8220;50&#8243; single_h_align=&#8220;center&#8220; single_padding=&#8220;2&#8243; single_icon=&#8220;fa fa-magnifier&#8220; uncode_shortcode_id=&#8220;160249&#8243;][\/vc_column][\/vc_row][vc_row][vc_column width=&#8220;1\/1&#8243;][uncode_block id=&#8220;1297&#8243;][\/vc_column][\/vc_row][vc_row][vc_column width=&#8220;1\/1&#8243;][vc_custom_heading text_color=&#8220;accent&#8220; uncode_shortcode_id=&#8220;398285&#8243; text_color_type=&#8220;uncode-palette&#8220;]Andere Produkte erkunden[\/vc_custom_heading][vc_raw_html]JTVCcG9sZWNhbmUtc3Ryb255JTIwcm96bWlhcl9vYnJhenUlM0QlMjJsYXJnZSUyMiUyMGlkJTNEJTIyOTQzJTJDODY2JTJDODY4JTJDODcyJTJDODcwJTIyJTVE[\/vc_raw_html][\/vc_column][\/vc_row]\n<\/div>","protected":false},"excerpt":{"rendered":"<p>[vc_row row_height_percent=&#8220;0&#8243; override_padding=&#8220;yes&#8220; h_padding=&#8220;2&#8243; top_padding=&#8220;3&#8243; bottom_padding=&#8220;2&#8243; overlay_alpha=&#8220;50&#8243; equal_height=&#8220;yes&#8220; gutter_size=&#8220;3&#8243; column_width_percent=&#8220;100&#8243; shift_y=&#8220;0&#8243; z_index=&#8220;0&#8243; uncode_shortcode_id=&#8220;606668&#8243;][vc_column column_width_percent=&#8220;100&#8243; gutter_size=&#8220;3&#8243; overlay_alpha=&#8220;50&#8243; shift_x=&#8220;0&#8243; shift_y=&#8220;0&#8243; shift_y_down=&#8220;0&#8243; z_index=&#8220;0&#8243; [&hellip;]<\/p>\n","protected":false},"author":2,"featured_media":2791,"parent":0,"menu_order":0,"comment_status":"closed","ping_status":"closed","template":"","meta":{"footnotes":""},"class_list":["post-2956","page","type-page","status-publish","has-post-thumbnail","hentry","page_category-flexodruck"],"yoast_head":"<!-- This site is optimized with the Yoast SEO plugin v27.4 - https:\/\/yoast.com\/product\/yoast-seo-wordpress\/ -->\n<title>Flexodruck - ma\u00dfgeschneidert - Wroc\u0142aw - Orion<\/title>\n<meta name=\"robots\" content=\"index, follow, max-snippet:-1, max-image-preview:large, max-video-preview:-1\" \/>\n<link rel=\"canonical\" href=\"https:\/\/orionzt.pl\/de\/flexodruck\/\" \/>\n<meta property=\"og:locale\" content=\"de_DE\" \/>\n<meta property=\"og:type\" content=\"article\" \/>\n<meta property=\"og:title\" content=\"Flexodruck - ma\u00dfgeschneidert - Wroc\u0142aw - Orion\" \/>\n<meta property=\"og:description\" content=\"[vc_row row_height_percent=&#8220;0&#8243; override_padding=&#8220;yes&#8220; h_padding=&#8220;2&#8243; top_padding=&#8220;3&#8243; bottom_padding=&#8220;2&#8243; overlay_alpha=&#8220;50&#8243; equal_height=&#8220;yes&#8220; gutter_size=&#8220;3&#8243; column_width_percent=&#8220;100&#8243; shift_y=&#8220;0&#8243; z_index=&#8220;0&#8243; uncode_shortcode_id=&#8220;606668&#8243;][vc_column column_width_percent=&#8220;100&#8243; gutter_size=&#8220;3&#8243; overlay_alpha=&#8220;50&#8243; shift_x=&#8220;0&#8243; shift_y=&#8220;0&#8243; shift_y_down=&#8220;0&#8243; z_index=&#8220;0&#8243; [&hellip;]\" \/>\n<meta property=\"og:url\" content=\"https:\/\/orionzt.pl\/de\/flexodruck\/\" \/>\n<meta property=\"og:site_name\" content=\"Orion Znakowanie Towar\u00f3w\" \/>\n<meta property=\"article:modified_time\" content=\"2024-06-05T17:34:26+00:00\" \/>\n<meta property=\"og:image\" content=\"https:\/\/orionzt.pl\/wp-content\/uploads\/2024\/04\/druk-flexo.jpg\" \/>\n\t<meta property=\"og:image:width\" content=\"500\" \/>\n\t<meta property=\"og:image:height\" content=\"500\" \/>\n\t<meta property=\"og:image:type\" content=\"image\/jpeg\" \/>\n<meta name=\"twitter:card\" content=\"summary_large_image\" \/>\n<meta name=\"twitter:label1\" content=\"Gesch\u00e4tzte Lesezeit\" \/>\n\t<meta name=\"twitter:data1\" content=\"2\u00a0Minuten\" \/>\n<script type=\"application\/ld+json\" class=\"yoast-schema-graph\">{\"@context\":\"https:\\\/\\\/schema.org\",\"@graph\":[{\"@type\":\"WebPage\",\"@id\":\"https:\\\/\\\/orionzt.pl\\\/de\\\/flexodruck\\\/\",\"url\":\"https:\\\/\\\/orionzt.pl\\\/de\\\/flexodruck\\\/\",\"name\":\"Flexodruck - ma\u00dfgeschneidert - Wroc\u0142aw - Orion\",\"isPartOf\":{\"@id\":\"https:\\\/\\\/orionzt.pl\\\/#website\"},\"primaryImageOfPage\":{\"@id\":\"https:\\\/\\\/orionzt.pl\\\/de\\\/flexodruck\\\/#primaryimage\"},\"image\":{\"@id\":\"https:\\\/\\\/orionzt.pl\\\/de\\\/flexodruck\\\/#primaryimage\"},\"thumbnailUrl\":\"https:\\\/\\\/orionzt.pl\\\/wp-content\\\/uploads\\\/2024\\\/04\\\/druk-flexo.jpg\",\"datePublished\":\"2023-10-21T15:48:49+00:00\",\"dateModified\":\"2024-06-05T17:34:26+00:00\",\"breadcrumb\":{\"@id\":\"https:\\\/\\\/orionzt.pl\\\/de\\\/flexodruck\\\/#breadcrumb\"},\"inLanguage\":\"de\",\"potentialAction\":[{\"@type\":\"ReadAction\",\"target\":[\"https:\\\/\\\/orionzt.pl\\\/de\\\/flexodruck\\\/\"]}]},{\"@type\":\"ImageObject\",\"inLanguage\":\"de\",\"@id\":\"https:\\\/\\\/orionzt.pl\\\/de\\\/flexodruck\\\/#primaryimage\",\"url\":\"https:\\\/\\\/orionzt.pl\\\/wp-content\\\/uploads\\\/2024\\\/04\\\/druk-flexo.jpg\",\"contentUrl\":\"https:\\\/\\\/orionzt.pl\\\/wp-content\\\/uploads\\\/2024\\\/04\\\/druk-flexo.jpg\",\"width\":500,\"height\":500},{\"@type\":\"BreadcrumbList\",\"@id\":\"https:\\\/\\\/orionzt.pl\\\/de\\\/flexodruck\\\/#breadcrumb\",\"itemListElement\":[{\"@type\":\"ListItem\",\"position\":1,\"name\":\"Strona g\u0142\u00f3wna\",\"item\":\"https:\\\/\\\/orionzt.pl\\\/de\\\/\"},{\"@type\":\"ListItem\",\"position\":2,\"name\":\"Flexodruck\"}]},{\"@type\":\"WebSite\",\"@id\":\"https:\\\/\\\/orionzt.pl\\\/#website\",\"url\":\"https:\\\/\\\/orionzt.pl\\\/\",\"name\":\"Orion Znakowanie Towar\u00f3w\",\"description\":\"Etykiety samoprzylepne, produkcja i nowe technologie\",\"potentialAction\":[{\"@type\":\"SearchAction\",\"target\":{\"@type\":\"EntryPoint\",\"urlTemplate\":\"https:\\\/\\\/orionzt.pl\\\/?s={search_term_string}\"},\"query-input\":{\"@type\":\"PropertyValueSpecification\",\"valueRequired\":true,\"valueName\":\"search_term_string\"}}],\"inLanguage\":\"de\"}]}<\/script>\n<!-- \/ Yoast SEO plugin. -->","yoast_head_json":{"title":"Flexodruck - ma\u00dfgeschneidert - Wroc\u0142aw - Orion","robots":{"index":"index","follow":"follow","max-snippet":"max-snippet:-1","max-image-preview":"max-image-preview:large","max-video-preview":"max-video-preview:-1"},"canonical":"https:\/\/orionzt.pl\/de\/flexodruck\/","og_locale":"de_DE","og_type":"article","og_title":"Flexodruck - ma\u00dfgeschneidert - Wroc\u0142aw - Orion","og_description":"[vc_row row_height_percent=&#8220;0&#8243; override_padding=&#8220;yes&#8220; h_padding=&#8220;2&#8243; top_padding=&#8220;3&#8243; bottom_padding=&#8220;2&#8243; overlay_alpha=&#8220;50&#8243; equal_height=&#8220;yes&#8220; gutter_size=&#8220;3&#8243; column_width_percent=&#8220;100&#8243; shift_y=&#8220;0&#8243; z_index=&#8220;0&#8243; uncode_shortcode_id=&#8220;606668&#8243;][vc_column column_width_percent=&#8220;100&#8243; gutter_size=&#8220;3&#8243; overlay_alpha=&#8220;50&#8243; shift_x=&#8220;0&#8243; shift_y=&#8220;0&#8243; shift_y_down=&#8220;0&#8243; z_index=&#8220;0&#8243; [&hellip;]","og_url":"https:\/\/orionzt.pl\/de\/flexodruck\/","og_site_name":"Orion Znakowanie Towar\u00f3w","article_modified_time":"2024-06-05T17:34:26+00:00","og_image":[{"width":500,"height":500,"url":"https:\/\/orionzt.pl\/wp-content\/uploads\/2024\/04\/druk-flexo.jpg","type":"image\/jpeg"}],"twitter_card":"summary_large_image","twitter_misc":{"Gesch\u00e4tzte Lesezeit":"2\u00a0Minuten"},"schema":{"@context":"https:\/\/schema.org","@graph":[{"@type":"WebPage","@id":"https:\/\/orionzt.pl\/de\/flexodruck\/","url":"https:\/\/orionzt.pl\/de\/flexodruck\/","name":"Flexodruck - ma\u00dfgeschneidert - Wroc\u0142aw - Orion","isPartOf":{"@id":"https:\/\/orionzt.pl\/#website"},"primaryImageOfPage":{"@id":"https:\/\/orionzt.pl\/de\/flexodruck\/#primaryimage"},"image":{"@id":"https:\/\/orionzt.pl\/de\/flexodruck\/#primaryimage"},"thumbnailUrl":"https:\/\/orionzt.pl\/wp-content\/uploads\/2024\/04\/druk-flexo.jpg","datePublished":"2023-10-21T15:48:49+00:00","dateModified":"2024-06-05T17:34:26+00:00","breadcrumb":{"@id":"https:\/\/orionzt.pl\/de\/flexodruck\/#breadcrumb"},"inLanguage":"de","potentialAction":[{"@type":"ReadAction","target":["https:\/\/orionzt.pl\/de\/flexodruck\/"]}]},{"@type":"ImageObject","inLanguage":"de","@id":"https:\/\/orionzt.pl\/de\/flexodruck\/#primaryimage","url":"https:\/\/orionzt.pl\/wp-content\/uploads\/2024\/04\/druk-flexo.jpg","contentUrl":"https:\/\/orionzt.pl\/wp-content\/uploads\/2024\/04\/druk-flexo.jpg","width":500,"height":500},{"@type":"BreadcrumbList","@id":"https:\/\/orionzt.pl\/de\/flexodruck\/#breadcrumb","itemListElement":[{"@type":"ListItem","position":1,"name":"Strona g\u0142\u00f3wna","item":"https:\/\/orionzt.pl\/de\/"},{"@type":"ListItem","position":2,"name":"Flexodruck"}]},{"@type":"WebSite","@id":"https:\/\/orionzt.pl\/#website","url":"https:\/\/orionzt.pl\/","name":"Orion Znakowanie Towar\u00f3w","description":"Etykiety samoprzylepne, produkcja i nowe technologie","potentialAction":[{"@type":"SearchAction","target":{"@type":"EntryPoint","urlTemplate":"https:\/\/orionzt.pl\/?s={search_term_string}"},"query-input":{"@type":"PropertyValueSpecification","valueRequired":true,"valueName":"search_term_string"}}],"inLanguage":"de"}]}},"_links":{"self":[{"href":"https:\/\/orionzt.pl\/de\/wp-json\/wp\/v2\/pages\/2956","targetHints":{"allow":["GET"]}}],"collection":[{"href":"https:\/\/orionzt.pl\/de\/wp-json\/wp\/v2\/pages"}],"about":[{"href":"https:\/\/orionzt.pl\/de\/wp-json\/wp\/v2\/types\/page"}],"author":[{"embeddable":true,"href":"https:\/\/orionzt.pl\/de\/wp-json\/wp\/v2\/users\/2"}],"replies":[{"embeddable":true,"href":"https:\/\/orionzt.pl\/de\/wp-json\/wp\/v2\/comments?post=2956"}],"version-history":[{"count":9,"href":"https:\/\/orionzt.pl\/de\/wp-json\/wp\/v2\/pages\/2956\/revisions"}],"predecessor-version":[{"id":3767,"href":"https:\/\/orionzt.pl\/de\/wp-json\/wp\/v2\/pages\/2956\/revisions\/3767"}],"wp:featuredmedia":[{"embeddable":true,"href":"https:\/\/orionzt.pl\/de\/wp-json\/wp\/v2\/media\/2791"}],"wp:attachment":[{"href":"https:\/\/orionzt.pl\/de\/wp-json\/wp\/v2\/media?parent=2956"}],"curies":[{"name":"wp","href":"https:\/\/api.w.org\/{rel}","templated":true}]}}