{"id":3189,"date":"2023-06-22T16:59:19","date_gmt":"2023-06-22T14:59:19","guid":{"rendered":"https:\/\/orionzt.pl\/arbeit\/"},"modified":"2024-05-28T18:13:41","modified_gmt":"2024-05-28T16:13:41","slug":"arbeit","status":"publish","type":"page","link":"https:\/\/orionzt.pl\/de\/arbeit\/","title":{"rendered":"Arbeit"},"content":{"rendered":"<div class=\"wpb-content-wrapper\">[vc_row row_height_percent=&#8220;0&#8243; override_padding=&#8220;yes&#8220; h_padding=&#8220;2&#8243; top_padding=&#8220;3&#8243; bottom_padding=&#8220;2&#8243; overlay_alpha=&#8220;50&#8243; equal_height=&#8220;yes&#8220; gutter_size=&#8220;4&#8243; column_width_percent=&#8220;100&#8243; shift_y=&#8220;0&#8243; z_index=&#8220;0&#8243; uncode_shortcode_id=&#8220;138954&#8243; row_height_pixel=&#8220;340&#8243;][vc_column column_width_percent=&#8220;100&#8243; gutter_size=&#8220;3&#8243; overlay_alpha=&#8220;50&#8243; shift_x=&#8220;0&#8243; shift_y=&#8220;0&#8243; shift_y_down=&#8220;0&#8243; z_index=&#8220;0&#8243; medium_width=&#8220;0&#8243; mobile_width=&#8220;0&#8243; width=&#8220;1\/2&#8243; uncode_shortcode_id=&#8220;128789&#8243;][vc_custom_heading heading_semantic=&#8220;h1&#8243; uncode_shortcode_id=&#8220;139734&#8243;]Arbeiten <span style=\"color: #ffa40d;\">bei Orion<\/span>[\/vc_custom_heading][vc_column_text uncode_shortcode_id=&#8220;425835&#8243;]Wir bieten Ihnen einen sicheren Arbeitsplatz in einem eng verbundenen und engagierten Team, das motiviert, kompetent und bereit ist, Erfahrungen zu teilen. Rund 80% unseres Teams, d.h. 70 Mitarbeiter, sind seit mehr als 10 Jahren bei Orion besch\u00e4ftigt.<\/p>\n<p>Ein weiterer Vorteil der Arbeit bei Orion ist die M\u00f6glichkeit, Nebenleistungen zu erhalten, wie z.B.:<\/p>\n<ul>\n<li>Zusch\u00fcsse f\u00fcr die Fahrt zur Arbeit oder die M\u00f6glichkeit, organisierte Verkehrsmittel aus dem Raum Wroc\u0142aw zu nutzen;<\/li>\n<li>private medizinische Versorgung, die von der Gesellschaft zu 99% der Kosten des landesweit angebotenen medizinischen Leistungspakets finanziert wird;<\/li>\n<li>die M\u00f6glichkeit, einer Gruppenlebensversicherung beizutreten, und zwar in verschiedenen Varianten, die an die Erwartungen des Arbeitnehmers angepasst sind;<\/li>\n<li>subventionierte Sportkarten aus dem beliebten Benefit \/ Multisport Netzwerk;<\/li>\n<li>guter Kaffee und Tee in der Personalkantine verf\u00fcgbar.<\/li>\n<\/ul>\n<p>M\u00f6chten Sie sich uns anschlie\u00dfen? Haben Sie weitere Fragen? Z\u00f6gern Sie nicht, uns zu kontaktieren.<\/p>\n<p>Schreiben Sie an: <a href=\"mailto:HR@orion.wroc.pl\">HR@orion.wroc.pl<\/a><\/p>\n<p>Keine Nachricht wird unbeantwortet bleiben.<\/p>\n<p><strong>Wir freuen uns darauf, von Ihnen zu h\u00f6ren.<\/strong>[\/vc_column_text][\/vc_column][vc_column column_width_percent=&#8220;100&#8243; position_vertical=&#8220;middle&#8220; align_horizontal=&#8220;align_center&#8220; gutter_size=&#8220;3&#8243; back_image=&#8220;403&#8243; back_position=&#8220;right center&#8220; overlay_alpha=&#8220;50&#8243; shift_x=&#8220;0&#8243; shift_y=&#8220;0&#8243; shift_y_down=&#8220;0&#8243; z_index=&#8220;0&#8243; medium_width=&#8220;0&#8243; mobile_width=&#8220;0&#8243; width=&#8220;1\/2&#8243; uncode_shortcode_id=&#8220;423451&#8243; back_size=&#8220;contain&#8220;][vc_single_image media=&#8220;588&#8243; media_width_percent=&#8220;80&#8243; alignment=&#8220;center&#8220; uncode_shortcode_id=&#8220;538495&#8243;][\/vc_column][\/vc_row][vc_row unlock_row_content=&#8220;yes&#8220; row_height_percent=&#8220;0&#8243; override_padding=&#8220;yes&#8220; h_padding=&#8220;0&#8243; top_padding=&#8220;0&#8243; bottom_padding=&#8220;3&#8243; overlay_alpha=&#8220;50&#8243; gutter_size=&#8220;3&#8243; column_width_percent=&#8220;100&#8243; shift_y=&#8220;-2&#8243; z_index=&#8220;1&#8243; desktop_visibility=&#8220;yes&#8220; medium_visibility=&#8220;yes&#8220; mobile_visibility=&#8220;yes&#8220; uncode_shortcode_id=&#8220;339763&#8243;][vc_column column_width_percent=&#8220;100&#8243; gutter_size=&#8220;3&#8243; overlay_alpha=&#8220;50&#8243; shift_x=&#8220;0&#8243; shift_y=&#8220;-3&#8243; shift_y_down=&#8220;0&#8243; z_index=&#8220;0&#8243; medium_width=&#8220;0&#8243; mobile_width=&#8220;0&#8243; width=&#8220;1\/1&#8243;][vc_custom_heading uncode_shortcode_id=&#8220;195319&#8243;]<span style=\"color: #ffa40d;\">Wir suchen<\/span> derzeit <span style=\"color: #ffa40d;\">nach<\/span>[\/vc_custom_heading][uncode_index el_id=&#8220;index-1984412&#8243; index_type=&#8220;carousel&#8220; loop=&#8220;size:5|order_by:date|post_type:post|taxonomy_count:10&#8243; carousel_lg=&#8220;1&#8243; carousel_md=&#8220;1&#8243; carousel_sm=&#8220;1&#8243; thumb_size=&#8220;sixteen-nine&#8220; gutter_size=&#8220;3&#8243; post_items=&#8220;title,media|featured|onpost|original,date&#8220; carousel_interval=&#8220;0&#8243; carousel_navspeed=&#8220;400&#8243; carousel_dots=&#8220;yes&#8220; carousel_dots_mobile=&#8220;yes&#8220; stage_padding=&#8220;75&#8243; single_back_color=&#8220;color-xsdn&#8220; single_overlay_opacity=&#8220;50&#8243; single_image_anim=&#8220;no&#8220; single_padding=&#8220;3&#8243; single_title_dimension=&#8220;h4&#8243; single_border=&#8220;yes&#8220; single_css_animation=&#8220;right-t-left&#8220; single_animation_delay=&#8220;200&#8243; uncode_shortcode_id=&#8220;557915&#8243;][\/vc_column][\/vc_row]\n<\/div>","protected":false},"excerpt":{"rendered":"<p>\u00fcber uns<\/p>\n","protected":false},"author":1,"featured_media":2704,"parent":0,"menu_order":0,"comment_status":"closed","ping_status":"closed","template":"","meta":{"footnotes":""},"class_list":["post-3189","page","type-page","status-publish","has-post-thumbnail","hentry"],"yoast_head":"<!-- This site is optimized with the Yoast SEO plugin v27.4 - https:\/\/yoast.com\/product\/yoast-seo-wordpress\/ -->\n<title>Arbeitspl\u00e4tze - Breslau - Orion<\/title>\n<meta name=\"description\" content=\"Wir bieten Ihnen einen sicheren Arbeitsplatz in einem engagierten Team mit Wissen und Bereitschaft zum Erfahrungsaustausch.\" \/>\n<meta name=\"robots\" content=\"index, follow, max-snippet:-1, max-image-preview:large, max-video-preview:-1\" \/>\n<link rel=\"canonical\" href=\"https:\/\/orionzt.pl\/de\/arbeit\/\" \/>\n<meta property=\"og:locale\" content=\"de_DE\" \/>\n<meta property=\"og:type\" content=\"article\" \/>\n<meta property=\"og:title\" content=\"Arbeitspl\u00e4tze - Breslau - Orion\" \/>\n<meta property=\"og:description\" content=\"Wir bieten Ihnen einen sicheren Arbeitsplatz in einem engagierten Team mit Wissen und Bereitschaft zum Erfahrungsaustausch.\" \/>\n<meta property=\"og:url\" content=\"https:\/\/orionzt.pl\/de\/arbeit\/\" \/>\n<meta property=\"og:site_name\" content=\"Orion Znakowanie Towar\u00f3w\" \/>\n<meta property=\"article:modified_time\" content=\"2024-05-28T16:13:41+00:00\" \/>\n<meta property=\"og:image\" content=\"https:\/\/orionzt.pl\/wp-content\/uploads\/2023\/06\/DSC02254-scaled.jpg\" \/>\n\t<meta property=\"og:image:width\" content=\"1707\" \/>\n\t<meta property=\"og:image:height\" content=\"2560\" \/>\n\t<meta property=\"og:image:type\" content=\"image\/jpeg\" \/>\n<meta name=\"twitter:card\" content=\"summary_large_image\" \/>\n<meta name=\"twitter:label1\" content=\"Gesch\u00e4tzte Lesezeit\" \/>\n\t<meta name=\"twitter:data1\" content=\"2\u00a0Minuten\" \/>\n<script type=\"application\/ld+json\" class=\"yoast-schema-graph\">{\"@context\":\"https:\\\/\\\/schema.org\",\"@graph\":[{\"@type\":\"WebPage\",\"@id\":\"https:\\\/\\\/orionzt.pl\\\/de\\\/arbeit\\\/\",\"url\":\"https:\\\/\\\/orionzt.pl\\\/de\\\/arbeit\\\/\",\"name\":\"Arbeitspl\u00e4tze - Breslau - Orion\",\"isPartOf\":{\"@id\":\"https:\\\/\\\/orionzt.pl\\\/#website\"},\"primaryImageOfPage\":{\"@id\":\"https:\\\/\\\/orionzt.pl\\\/de\\\/arbeit\\\/#primaryimage\"},\"image\":{\"@id\":\"https:\\\/\\\/orionzt.pl\\\/de\\\/arbeit\\\/#primaryimage\"},\"thumbnailUrl\":\"https:\\\/\\\/orionzt.pl\\\/wp-content\\\/uploads\\\/2023\\\/06\\\/DSC02254-scaled.jpg\",\"datePublished\":\"2023-06-22T14:59:19+00:00\",\"dateModified\":\"2024-05-28T16:13:41+00:00\",\"description\":\"Wir bieten Ihnen einen sicheren Arbeitsplatz in einem engagierten Team mit Wissen und Bereitschaft zum Erfahrungsaustausch.\",\"breadcrumb\":{\"@id\":\"https:\\\/\\\/orionzt.pl\\\/de\\\/arbeit\\\/#breadcrumb\"},\"inLanguage\":\"de\",\"potentialAction\":[{\"@type\":\"ReadAction\",\"target\":[\"https:\\\/\\\/orionzt.pl\\\/de\\\/arbeit\\\/\"]}]},{\"@type\":\"ImageObject\",\"inLanguage\":\"de\",\"@id\":\"https:\\\/\\\/orionzt.pl\\\/de\\\/arbeit\\\/#primaryimage\",\"url\":\"https:\\\/\\\/orionzt.pl\\\/wp-content\\\/uploads\\\/2023\\\/06\\\/DSC02254-scaled.jpg\",\"contentUrl\":\"https:\\\/\\\/orionzt.pl\\\/wp-content\\\/uploads\\\/2023\\\/06\\\/DSC02254-scaled.jpg\",\"width\":1707,\"height\":2560},{\"@type\":\"BreadcrumbList\",\"@id\":\"https:\\\/\\\/orionzt.pl\\\/de\\\/arbeit\\\/#breadcrumb\",\"itemListElement\":[{\"@type\":\"ListItem\",\"position\":1,\"name\":\"Strona g\u0142\u00f3wna\",\"item\":\"https:\\\/\\\/orionzt.pl\\\/de\\\/\"},{\"@type\":\"ListItem\",\"position\":2,\"name\":\"Arbeit\"}]},{\"@type\":\"WebSite\",\"@id\":\"https:\\\/\\\/orionzt.pl\\\/#website\",\"url\":\"https:\\\/\\\/orionzt.pl\\\/\",\"name\":\"Orion Znakowanie Towar\u00f3w\",\"description\":\"Etykiety samoprzylepne, produkcja i nowe technologie\",\"potentialAction\":[{\"@type\":\"SearchAction\",\"target\":{\"@type\":\"EntryPoint\",\"urlTemplate\":\"https:\\\/\\\/orionzt.pl\\\/?s={search_term_string}\"},\"query-input\":{\"@type\":\"PropertyValueSpecification\",\"valueRequired\":true,\"valueName\":\"search_term_string\"}}],\"inLanguage\":\"de\"}]}<\/script>\n<!-- \/ Yoast SEO plugin. -->","yoast_head_json":{"title":"Arbeitspl\u00e4tze - Breslau - Orion","description":"Wir bieten Ihnen einen sicheren Arbeitsplatz in einem engagierten Team mit Wissen und Bereitschaft zum Erfahrungsaustausch.","robots":{"index":"index","follow":"follow","max-snippet":"max-snippet:-1","max-image-preview":"max-image-preview:large","max-video-preview":"max-video-preview:-1"},"canonical":"https:\/\/orionzt.pl\/de\/arbeit\/","og_locale":"de_DE","og_type":"article","og_title":"Arbeitspl\u00e4tze - Breslau - Orion","og_description":"Wir bieten Ihnen einen sicheren Arbeitsplatz in einem engagierten Team mit Wissen und Bereitschaft zum Erfahrungsaustausch.","og_url":"https:\/\/orionzt.pl\/de\/arbeit\/","og_site_name":"Orion Znakowanie Towar\u00f3w","article_modified_time":"2024-05-28T16:13:41+00:00","og_image":[{"width":1707,"height":2560,"url":"https:\/\/orionzt.pl\/wp-content\/uploads\/2023\/06\/DSC02254-scaled.jpg","type":"image\/jpeg"}],"twitter_card":"summary_large_image","twitter_misc":{"Gesch\u00e4tzte Lesezeit":"2\u00a0Minuten"},"schema":{"@context":"https:\/\/schema.org","@graph":[{"@type":"WebPage","@id":"https:\/\/orionzt.pl\/de\/arbeit\/","url":"https:\/\/orionzt.pl\/de\/arbeit\/","name":"Arbeitspl\u00e4tze - Breslau - Orion","isPartOf":{"@id":"https:\/\/orionzt.pl\/#website"},"primaryImageOfPage":{"@id":"https:\/\/orionzt.pl\/de\/arbeit\/#primaryimage"},"image":{"@id":"https:\/\/orionzt.pl\/de\/arbeit\/#primaryimage"},"thumbnailUrl":"https:\/\/orionzt.pl\/wp-content\/uploads\/2023\/06\/DSC02254-scaled.jpg","datePublished":"2023-06-22T14:59:19+00:00","dateModified":"2024-05-28T16:13:41+00:00","description":"Wir bieten Ihnen einen sicheren Arbeitsplatz in einem engagierten Team mit Wissen und Bereitschaft zum Erfahrungsaustausch.","breadcrumb":{"@id":"https:\/\/orionzt.pl\/de\/arbeit\/#breadcrumb"},"inLanguage":"de","potentialAction":[{"@type":"ReadAction","target":["https:\/\/orionzt.pl\/de\/arbeit\/"]}]},{"@type":"ImageObject","inLanguage":"de","@id":"https:\/\/orionzt.pl\/de\/arbeit\/#primaryimage","url":"https:\/\/orionzt.pl\/wp-content\/uploads\/2023\/06\/DSC02254-scaled.jpg","contentUrl":"https:\/\/orionzt.pl\/wp-content\/uploads\/2023\/06\/DSC02254-scaled.jpg","width":1707,"height":2560},{"@type":"BreadcrumbList","@id":"https:\/\/orionzt.pl\/de\/arbeit\/#breadcrumb","itemListElement":[{"@type":"ListItem","position":1,"name":"Strona g\u0142\u00f3wna","item":"https:\/\/orionzt.pl\/de\/"},{"@type":"ListItem","position":2,"name":"Arbeit"}]},{"@type":"WebSite","@id":"https:\/\/orionzt.pl\/#website","url":"https:\/\/orionzt.pl\/","name":"Orion Znakowanie Towar\u00f3w","description":"Etykiety samoprzylepne, produkcja i nowe technologie","potentialAction":[{"@type":"SearchAction","target":{"@type":"EntryPoint","urlTemplate":"https:\/\/orionzt.pl\/?s={search_term_string}"},"query-input":{"@type":"PropertyValueSpecification","valueRequired":true,"valueName":"search_term_string"}}],"inLanguage":"de"}]}},"_links":{"self":[{"href":"https:\/\/orionzt.pl\/de\/wp-json\/wp\/v2\/pages\/3189","targetHints":{"allow":["GET"]}}],"collection":[{"href":"https:\/\/orionzt.pl\/de\/wp-json\/wp\/v2\/pages"}],"about":[{"href":"https:\/\/orionzt.pl\/de\/wp-json\/wp\/v2\/types\/page"}],"author":[{"embeddable":true,"href":"https:\/\/orionzt.pl\/de\/wp-json\/wp\/v2\/users\/1"}],"replies":[{"embeddable":true,"href":"https:\/\/orionzt.pl\/de\/wp-json\/wp\/v2\/comments?post=3189"}],"version-history":[{"count":2,"href":"https:\/\/orionzt.pl\/de\/wp-json\/wp\/v2\/pages\/3189\/revisions"}],"predecessor-version":[{"id":3191,"href":"https:\/\/orionzt.pl\/de\/wp-json\/wp\/v2\/pages\/3189\/revisions\/3191"}],"wp:featuredmedia":[{"embeddable":true,"href":"https:\/\/orionzt.pl\/de\/wp-json\/wp\/v2\/media\/2704"}],"wp:attachment":[{"href":"https:\/\/orionzt.pl\/de\/wp-json\/wp\/v2\/media?parent=3189"}],"curies":[{"name":"wp","href":"https:\/\/api.w.org\/{rel}","templated":true}]}}