{"id":3211,"date":"2023-06-22T16:59:19","date_gmt":"2023-06-22T14:59:19","guid":{"rendered":"https:\/\/orionzt.pl\/technologien\/"},"modified":"2024-06-05T19:38:36","modified_gmt":"2024-06-05T17:38:36","slug":"technologien","status":"publish","type":"page","link":"https:\/\/orionzt.pl\/de\/technologien\/","title":{"rendered":"Technologien"},"content":{"rendered":"<div class=\"wpb-content-wrapper\">[vc_row row_height_percent=&#8220;0&#8243; override_padding=&#8220;yes&#8220; h_padding=&#8220;2&#8243; top_padding=&#8220;3&#8243; bottom_padding=&#8220;0&#8243; overlay_alpha=&#8220;50&#8243; equal_height=&#8220;yes&#8220; gutter_size=&#8220;3&#8243; column_width_percent=&#8220;100&#8243; shift_y=&#8220;0&#8243; z_index=&#8220;0&#8243; uncode_shortcode_id=&#8220;182407&#8243;][vc_column column_width_percent=&#8220;100&#8243; gutter_size=&#8220;3&#8243; overlay_alpha=&#8220;50&#8243; shift_x=&#8220;0&#8243; shift_y=&#8220;0&#8243; shift_y_down=&#8220;0&#8243; z_index=&#8220;0&#8243; medium_width=&#8220;0&#8243; mobile_width=&#8220;0&#8243; width=&#8220;1\/2&#8243; uncode_shortcode_id=&#8220;929804&#8243;][vc_custom_heading heading_semantic=&#8220;h1&#8243; text_size=&#8220;h1&#8243; uncode_shortcode_id=&#8220;106065&#8243;]Druckarten und Technologien[\/vc_custom_heading][vc_column_text uncode_shortcode_id=&#8220;152618&#8243;]Wir arbeiten ausschlie\u00dflich mit Rohstoffen von namhaften Herstellern und verwenden modernste Technologie zur Herstellung von Etiketten. Wir verwenden verschiedene Veredelungen wie Glanz- und Mattlack, Vergoldung und Versilberung, Pr\u00e4gung, Reliefdruck, Laminierung oder Klebeseitendruck. F\u00fcr jedes Projekt, das uns anvertraut wird, w\u00e4hlen wir individuell die optimale Drucktechnologie aus. Wir bieten auch INK-JET-Druck und Thermotransferdruck auf den von uns produzierten Etiketten an.[\/vc_column_text][\/vc_column][vc_column column_width_percent=&#8220;100&#8243; position_vertical=&#8220;middle&#8220; align_horizontal=&#8220;align_center&#8220; gutter_size=&#8220;3&#8243; back_image=&#8220;403&#8243; back_repeat=&#8220;no-repeat&#8220; back_position=&#8220;center center&#8220; overlay_alpha=&#8220;50&#8243; shift_x=&#8220;0&#8243; shift_y=&#8220;0&#8243; shift_y_down=&#8220;0&#8243; z_index=&#8220;0&#8243; medium_width=&#8220;0&#8243; mobile_width=&#8220;0&#8243; width=&#8220;1\/2&#8243; uncode_shortcode_id=&#8220;131022&#8243; back_size=&#8220;contain&#8220;][vc_single_image media=&#8220;581&#8243; media_width_percent=&#8220;70&#8243; alignment=&#8220;center&#8220; uncode_shortcode_id=&#8220;141661&#8243;][\/vc_column][\/vc_row][vc_row row_height_percent=&#8220;0&#8243; overlay_alpha=&#8220;50&#8243; gutter_size=&#8220;3&#8243; column_width_percent=&#8220;100&#8243; shift_y=&#8220;0&#8243; z_index=&#8220;0&#8243; uncode_shortcode_id=&#8220;136689&#8243;][vc_column column_width_percent=&#8220;75&#8243; align_horizontal=&#8220;align_center&#8220; gutter_size=&#8220;3&#8243; overlay_alpha=&#8220;50&#8243; shift_x=&#8220;0&#8243; shift_y=&#8220;0&#8243; shift_y_down=&#8220;0&#8243; z_index=&#8220;0&#8243; medium_width=&#8220;0&#8243; mobile_width=&#8220;0&#8243; width=&#8220;1\/1&#8243; uncode_shortcode_id=&#8220;828275&#8243;][vc_raw_html]JTVCcG9sZWNhbmUtc3Ryb255JTIwcm96bWlhcl9vYnJhenUlM0QlMjJsYXJnZSUyMiUyMGlkJTNEJTIyODY2JTJDOTQzJTJDODYzJTJDODY4JTJDODcyJTJDODcwJTIyJTVE[\/vc_raw_html][\/vc_column][\/vc_row]\n<\/div>","protected":false},"excerpt":{"rendered":"<p>[vc_row row_height_percent=&#8220;0&#8243; override_padding=&#8220;yes&#8220; h_padding=&#8220;2&#8243; top_padding=&#8220;3&#8243; bottom_padding=&#8220;0&#8243; overlay_alpha=&#8220;50&#8243; equal_height=&#8220;yes&#8220; gutter_size=&#8220;3&#8243; column_width_percent=&#8220;100&#8243; shift_y=&#8220;0&#8243; z_index=&#8220;0&#8243; uncode_shortcode_id=&#8220;182407&#8243;][vc_column column_width_percent=&#8220;100&#8243; gutter_size=&#8220;3&#8243; overlay_alpha=&#8220;50&#8243; shift_x=&#8220;0&#8243; shift_y=&#8220;0&#8243; shift_y_down=&#8220;0&#8243; z_index=&#8220;0&#8243; [&hellip;]<\/p>\n","protected":false},"author":1,"featured_media":2705,"parent":0,"menu_order":0,"comment_status":"closed","ping_status":"closed","template":"","meta":{"footnotes":""},"class_list":["post-3211","page","type-page","status-publish","has-post-thumbnail","hentry"],"yoast_head":"<!-- This site is optimized with the Yoast SEO plugin v27.4 - https:\/\/yoast.com\/product\/yoast-seo-wordpress\/ -->\n<title>Druckarten und Technologien - Druck - Orion<\/title>\n<meta name=\"robots\" content=\"index, follow, max-snippet:-1, max-image-preview:large, max-video-preview:-1\" \/>\n<link rel=\"canonical\" href=\"https:\/\/orionzt.pl\/de\/technologien\/\" \/>\n<meta property=\"og:locale\" content=\"de_DE\" \/>\n<meta property=\"og:type\" content=\"article\" \/>\n<meta property=\"og:title\" content=\"Druckarten und Technologien - Druck - Orion\" \/>\n<meta property=\"og:description\" content=\"[vc_row row_height_percent=&#8220;0&#8243; override_padding=&#8220;yes&#8220; h_padding=&#8220;2&#8243; top_padding=&#8220;3&#8243; bottom_padding=&#8220;0&#8243; overlay_alpha=&#8220;50&#8243; equal_height=&#8220;yes&#8220; gutter_size=&#8220;3&#8243; column_width_percent=&#8220;100&#8243; shift_y=&#8220;0&#8243; z_index=&#8220;0&#8243; uncode_shortcode_id=&#8220;182407&#8243;][vc_column column_width_percent=&#8220;100&#8243; gutter_size=&#8220;3&#8243; overlay_alpha=&#8220;50&#8243; shift_x=&#8220;0&#8243; shift_y=&#8220;0&#8243; shift_y_down=&#8220;0&#8243; z_index=&#8220;0&#8243; [&hellip;]\" \/>\n<meta property=\"og:url\" content=\"https:\/\/orionzt.pl\/de\/technologien\/\" \/>\n<meta property=\"og:site_name\" content=\"Orion Znakowanie Towar\u00f3w\" \/>\n<meta property=\"article:modified_time\" content=\"2024-06-05T17:38:36+00:00\" \/>\n<meta property=\"og:image\" content=\"https:\/\/orionzt.pl\/wp-content\/uploads\/2023\/06\/DSC02228-scaled.jpg\" \/>\n\t<meta property=\"og:image:width\" content=\"1707\" \/>\n\t<meta property=\"og:image:height\" content=\"2560\" \/>\n\t<meta property=\"og:image:type\" content=\"image\/jpeg\" \/>\n<meta name=\"twitter:card\" content=\"summary_large_image\" \/>\n<meta name=\"twitter:label1\" content=\"Gesch\u00e4tzte Lesezeit\" \/>\n\t<meta name=\"twitter:data1\" content=\"1\u00a0Minute\" \/>\n<script type=\"application\/ld+json\" class=\"yoast-schema-graph\">{\"@context\":\"https:\\\/\\\/schema.org\",\"@graph\":[{\"@type\":\"WebPage\",\"@id\":\"https:\\\/\\\/orionzt.pl\\\/de\\\/technologien\\\/\",\"url\":\"https:\\\/\\\/orionzt.pl\\\/de\\\/technologien\\\/\",\"name\":\"Druckarten und Technologien - Druck - Orion\",\"isPartOf\":{\"@id\":\"https:\\\/\\\/orionzt.pl\\\/#website\"},\"primaryImageOfPage\":{\"@id\":\"https:\\\/\\\/orionzt.pl\\\/de\\\/technologien\\\/#primaryimage\"},\"image\":{\"@id\":\"https:\\\/\\\/orionzt.pl\\\/de\\\/technologien\\\/#primaryimage\"},\"thumbnailUrl\":\"https:\\\/\\\/orionzt.pl\\\/wp-content\\\/uploads\\\/2023\\\/06\\\/DSC02228-scaled.jpg\",\"datePublished\":\"2023-06-22T14:59:19+00:00\",\"dateModified\":\"2024-06-05T17:38:36+00:00\",\"breadcrumb\":{\"@id\":\"https:\\\/\\\/orionzt.pl\\\/de\\\/technologien\\\/#breadcrumb\"},\"inLanguage\":\"de\",\"potentialAction\":[{\"@type\":\"ReadAction\",\"target\":[\"https:\\\/\\\/orionzt.pl\\\/de\\\/technologien\\\/\"]}]},{\"@type\":\"ImageObject\",\"inLanguage\":\"de\",\"@id\":\"https:\\\/\\\/orionzt.pl\\\/de\\\/technologien\\\/#primaryimage\",\"url\":\"https:\\\/\\\/orionzt.pl\\\/wp-content\\\/uploads\\\/2023\\\/06\\\/DSC02228-scaled.jpg\",\"contentUrl\":\"https:\\\/\\\/orionzt.pl\\\/wp-content\\\/uploads\\\/2023\\\/06\\\/DSC02228-scaled.jpg\",\"width\":1707,\"height\":2560},{\"@type\":\"BreadcrumbList\",\"@id\":\"https:\\\/\\\/orionzt.pl\\\/de\\\/technologien\\\/#breadcrumb\",\"itemListElement\":[{\"@type\":\"ListItem\",\"position\":1,\"name\":\"Strona g\u0142\u00f3wna\",\"item\":\"https:\\\/\\\/orionzt.pl\\\/de\\\/\"},{\"@type\":\"ListItem\",\"position\":2,\"name\":\"Technologien\"}]},{\"@type\":\"WebSite\",\"@id\":\"https:\\\/\\\/orionzt.pl\\\/#website\",\"url\":\"https:\\\/\\\/orionzt.pl\\\/\",\"name\":\"Orion Znakowanie Towar\u00f3w\",\"description\":\"Etykiety samoprzylepne, produkcja i nowe technologie\",\"potentialAction\":[{\"@type\":\"SearchAction\",\"target\":{\"@type\":\"EntryPoint\",\"urlTemplate\":\"https:\\\/\\\/orionzt.pl\\\/?s={search_term_string}\"},\"query-input\":{\"@type\":\"PropertyValueSpecification\",\"valueRequired\":true,\"valueName\":\"search_term_string\"}}],\"inLanguage\":\"de\"}]}<\/script>\n<!-- \/ Yoast SEO plugin. -->","yoast_head_json":{"title":"Druckarten und Technologien - Druck - Orion","robots":{"index":"index","follow":"follow","max-snippet":"max-snippet:-1","max-image-preview":"max-image-preview:large","max-video-preview":"max-video-preview:-1"},"canonical":"https:\/\/orionzt.pl\/de\/technologien\/","og_locale":"de_DE","og_type":"article","og_title":"Druckarten und Technologien - Druck - Orion","og_description":"[vc_row row_height_percent=&#8220;0&#8243; override_padding=&#8220;yes&#8220; h_padding=&#8220;2&#8243; top_padding=&#8220;3&#8243; bottom_padding=&#8220;0&#8243; overlay_alpha=&#8220;50&#8243; equal_height=&#8220;yes&#8220; gutter_size=&#8220;3&#8243; column_width_percent=&#8220;100&#8243; shift_y=&#8220;0&#8243; z_index=&#8220;0&#8243; uncode_shortcode_id=&#8220;182407&#8243;][vc_column column_width_percent=&#8220;100&#8243; gutter_size=&#8220;3&#8243; overlay_alpha=&#8220;50&#8243; shift_x=&#8220;0&#8243; shift_y=&#8220;0&#8243; shift_y_down=&#8220;0&#8243; z_index=&#8220;0&#8243; [&hellip;]","og_url":"https:\/\/orionzt.pl\/de\/technologien\/","og_site_name":"Orion Znakowanie Towar\u00f3w","article_modified_time":"2024-06-05T17:38:36+00:00","og_image":[{"width":1707,"height":2560,"url":"https:\/\/orionzt.pl\/wp-content\/uploads\/2023\/06\/DSC02228-scaled.jpg","type":"image\/jpeg"}],"twitter_card":"summary_large_image","twitter_misc":{"Gesch\u00e4tzte Lesezeit":"1\u00a0Minute"},"schema":{"@context":"https:\/\/schema.org","@graph":[{"@type":"WebPage","@id":"https:\/\/orionzt.pl\/de\/technologien\/","url":"https:\/\/orionzt.pl\/de\/technologien\/","name":"Druckarten und Technologien - Druck - Orion","isPartOf":{"@id":"https:\/\/orionzt.pl\/#website"},"primaryImageOfPage":{"@id":"https:\/\/orionzt.pl\/de\/technologien\/#primaryimage"},"image":{"@id":"https:\/\/orionzt.pl\/de\/technologien\/#primaryimage"},"thumbnailUrl":"https:\/\/orionzt.pl\/wp-content\/uploads\/2023\/06\/DSC02228-scaled.jpg","datePublished":"2023-06-22T14:59:19+00:00","dateModified":"2024-06-05T17:38:36+00:00","breadcrumb":{"@id":"https:\/\/orionzt.pl\/de\/technologien\/#breadcrumb"},"inLanguage":"de","potentialAction":[{"@type":"ReadAction","target":["https:\/\/orionzt.pl\/de\/technologien\/"]}]},{"@type":"ImageObject","inLanguage":"de","@id":"https:\/\/orionzt.pl\/de\/technologien\/#primaryimage","url":"https:\/\/orionzt.pl\/wp-content\/uploads\/2023\/06\/DSC02228-scaled.jpg","contentUrl":"https:\/\/orionzt.pl\/wp-content\/uploads\/2023\/06\/DSC02228-scaled.jpg","width":1707,"height":2560},{"@type":"BreadcrumbList","@id":"https:\/\/orionzt.pl\/de\/technologien\/#breadcrumb","itemListElement":[{"@type":"ListItem","position":1,"name":"Strona g\u0142\u00f3wna","item":"https:\/\/orionzt.pl\/de\/"},{"@type":"ListItem","position":2,"name":"Technologien"}]},{"@type":"WebSite","@id":"https:\/\/orionzt.pl\/#website","url":"https:\/\/orionzt.pl\/","name":"Orion Znakowanie Towar\u00f3w","description":"Etykiety samoprzylepne, produkcja i nowe technologie","potentialAction":[{"@type":"SearchAction","target":{"@type":"EntryPoint","urlTemplate":"https:\/\/orionzt.pl\/?s={search_term_string}"},"query-input":{"@type":"PropertyValueSpecification","valueRequired":true,"valueName":"search_term_string"}}],"inLanguage":"de"}]}},"_links":{"self":[{"href":"https:\/\/orionzt.pl\/de\/wp-json\/wp\/v2\/pages\/3211","targetHints":{"allow":["GET"]}}],"collection":[{"href":"https:\/\/orionzt.pl\/de\/wp-json\/wp\/v2\/pages"}],"about":[{"href":"https:\/\/orionzt.pl\/de\/wp-json\/wp\/v2\/types\/page"}],"author":[{"embeddable":true,"href":"https:\/\/orionzt.pl\/de\/wp-json\/wp\/v2\/users\/1"}],"replies":[{"embeddable":true,"href":"https:\/\/orionzt.pl\/de\/wp-json\/wp\/v2\/comments?post=3211"}],"version-history":[{"count":5,"href":"https:\/\/orionzt.pl\/de\/wp-json\/wp\/v2\/pages\/3211\/revisions"}],"predecessor-version":[{"id":3778,"href":"https:\/\/orionzt.pl\/de\/wp-json\/wp\/v2\/pages\/3211\/revisions\/3778"}],"wp:featuredmedia":[{"embeddable":true,"href":"https:\/\/orionzt.pl\/de\/wp-json\/wp\/v2\/media\/2705"}],"wp:attachment":[{"href":"https:\/\/orionzt.pl\/de\/wp-json\/wp\/v2\/media?parent=3211"}],"curies":[{"name":"wp","href":"https:\/\/api.w.org\/{rel}","templated":true}]}}